{"id":69,"date":"2020-01-27T08:05:29","date_gmt":"2020-01-27T08:05:29","guid":{"rendered":"https:\/\/demosites.io\/web-agency-gb\/?page_id=69"},"modified":"2025-01-16T15:13:45","modified_gmt":"2025-01-16T15:13:45","slug":"nasi-poletni-tabori","status":"publish","type":"page","link":"https:\/\/mepikrsko.si\/outsider\/nasi-poletni-tabori\/","title":{"rendered":"Na\u0161i poletni tabori"},"content":{"rendered":"\t\t<div data-elementor-type=\"wp-page\" data-elementor-id=\"69\" class=\"elementor elementor-69\">\n\t\t\t\t\t\t<section class=\"elementor-section elementor-top-section elementor-element elementor-element-7edd7de elementor-section-full_width elementor-section-height-default elementor-section-height-default\" data-id=\"7edd7de\" data-element_type=\"section\" data-e-type=\"section\" data-settings=\"{&quot;background_background&quot;:&quot;classic&quot;}\">\n\t\t\t\t\t\t<div class=\"elementor-container elementor-column-gap-default\">\n\t\t\t\t\t<div class=\"elementor-column elementor-col-100 elementor-top-column elementor-element elementor-element-a36bb6d\" data-id=\"a36bb6d\" data-element_type=\"column\" data-e-type=\"column\">\n\t\t\t<div class=\"elementor-widget-wrap elementor-element-populated\">\n\t\t\t\t\t\t<div class=\"elementor-element elementor-element-b385f49 elementor-widget elementor-widget-eael-post-timeline\" data-id=\"b385f49\" data-element_type=\"widget\" data-e-type=\"widget\" data-widget_type=\"eael-post-timeline.default\">\n\t\t\t\t<div class=\"elementor-widget-container\">\n\t\t\t\t\t<div id=\"eael-post-timeline-b385f49\" class=\"eael-post-timeline timeline-layout-default eael-post-timeline-arrow-\">\n            <div class=\"eael-post-timeline eael-post-appender eael-post-appender-b385f49\"><article class=\"eael-timeline-post eael-timeline-column\">\n    <div class=\"eael-timeline-bullet\"><\/div>\n    <div class=\"eael-timeline-post-inner\">\n        <a class=\"eael-timeline-post-link\" href=\"https:\/\/mepikrsko.si\/outsider\/outsider-6x\/\" title=\"Outsider 6\">\n            <time datetime=\"31 avgusta, 2023\">31 avgusta, 2023<\/time>\n            <div class=\"eael-timeline-post-image  attachment-large size-large\" style=\"background-image: url(https:\/\/mepikrsko.si\/outsider\/wp-content\/uploads\/2024\/07\/IMG_20240713_200850-1024x461.jpg);\"><\/div><div class=\"eael-timeline-post-excerpt\"><p>6 OUTSIDER Velebit GALERIJA SLIK FILM 19 prijavljenih udele\u017eencev https:\/\/mepikrsko.si\/outsider\/wp-content\/uploads\/2024\/08\/DSCN3019.movhttps:\/\/mepikrsko.si\/outsider\/wp-content\/uploads\/2024\/08\/DSCN3035.mov Matej vodja tabora in planinski vodnik 2 Alenka Mepi voditeljica odprav in oskrba Matic Mepi mentor in vodnik skavtov Ga\u0161per pomo\u010d pri logistiki ADRIATICA+ Premi\u010dni tabor po celotni dol\u017eini Velebita Outsiderji 6 27.7. &#8211; 5.8. 2024 Izvedeno: 175km in ve\u010d...<\/p><\/div><div class=\"eael-timeline-post-title\">\n                    <h1 class=\"eael-timeline-post-title-text\">Outsider 6<\/h1>\n                <\/div><\/a>\n    <\/div>\n<\/article><article class=\"eael-timeline-post eael-timeline-column\">\n    <div class=\"eael-timeline-bullet\"><\/div>\n    <div class=\"eael-timeline-post-inner\">\n        <a class=\"eael-timeline-post-link\" href=\"https:\/\/mepikrsko.si\/outsider\/outsider-5x\/\" title=\"Outsider 5\">\n            <time datetime=\"4 decembra, 2022\">4 decembra, 2022<\/time>\n            <div class=\"eael-timeline-post-image  attachment-large size-large\" style=\"background-image: url(https:\/\/mepikrsko.si\/outsider\/wp-content\/uploads\/2022\/12\/risnjak-1024x512.png);\"><\/div><div class=\"eael-timeline-post-excerpt\"><p>5 OUTSIDER Info Oprema FIlm Slike s tabora OUTSIDER 5 Marko \u017dan Rok Ga\u0161per Alja\u017e Svit Anej Danijel Lev Matic* Nu\u0161a* Kaja Pia Gaja Ma\u0161a Ema Matic Ga\u0161per Alenka Matej RI-GO Premi\u010dni tabor na relaciji Grobni\u010dke Alpe- RISNJAK &#8211; GORSKI KOTAR &#8211; Velika Kapela &#8211; Kvarner 24.7.- 2.8. 2023 Sedem...<\/p><\/div><div class=\"eael-timeline-post-title\">\n                    <h1 class=\"eael-timeline-post-title-text\">Outsider 5<\/h1>\n                <\/div><\/a>\n    <\/div>\n<\/article><article class=\"eael-timeline-post eael-timeline-column\">\n    <div class=\"eael-timeline-bullet\"><\/div>\n    <div class=\"eael-timeline-post-inner\">\n        <a class=\"eael-timeline-post-link\" href=\"https:\/\/mepikrsko.si\/outsider\/outsider-4\/\" title=\"Outsider 4\">\n            <time datetime=\"25 julija, 2022\">25 julija, 2022<\/time>\n            <div class=\"eael-timeline-post-image  attachment-large size-large\" style=\"background-image: url(https:\/\/mepikrsko.si\/outsider\/wp-content\/uploads\/2022\/12\/IMG_20220802_184724-1024x461.jpg);\"><\/div><div class=\"eael-timeline-post-excerpt\"><p>Leta 2022 je bil prvi\u010d Outsider v premi\u010dni izvedbi - \u0161el je od doma Kr\u0161ko do morja Krk - 165 km in 6000m vi\u0161inske razlike v desetih etapah z dvema MEpi DofE odpravama...<\/p><\/div><div class=\"eael-timeline-post-title\">\n                    <h1 class=\"eael-timeline-post-title-text\">Outsider 4<\/h1>\n                <\/div><\/a>\n    <\/div>\n<\/article><article class=\"eael-timeline-post eael-timeline-column\">\n    <div class=\"eael-timeline-bullet\"><\/div>\n    <div class=\"eael-timeline-post-inner\">\n        <a class=\"eael-timeline-post-link\" href=\"https:\/\/mepikrsko.si\/outsider\/outsider-3\/\" title=\"Outsider 3\">\n            <time datetime=\"17 julija, 2021\">17 julija, 2021<\/time>\n            <div class=\"eael-timeline-post-image  attachment-large size-large\" style=\"background-image: url(https:\/\/mepikrsko.si\/outsider\/wp-content\/uploads\/2022\/12\/IMG_20210727_074332-1024x768.jpg);\"><\/div><div class=\"eael-timeline-post-excerpt\"><p>Na 3. Outsiderju smo taboriri ob reki Koritnici Mepi DofE odpravi ob Soi in Koritnici. Ture: po neozna\u010denih poteh na Lipnik in Javor\u0161\u010dek, iz Bav\u0161ice na Zagorevec s sestopom v Trento. Plezalnje Kal-Koritnica ogled slapov Predelnice in Fratarice. Orientaciji: okolica Bovca in v Bovcu.<\/p><\/div><div class=\"eael-timeline-post-title\">\n                    <h1 class=\"eael-timeline-post-title-text\">Outsider 3<\/h1>\n                <\/div><\/a>\n    <\/div>\n<\/article><article class=\"eael-timeline-post eael-timeline-column\">\n    <div class=\"eael-timeline-bullet\"><\/div>\n    <div class=\"eael-timeline-post-inner\">\n        <a class=\"eael-timeline-post-link\" href=\"https:\/\/mepikrsko.si\/outsider\/outsider-2\/\" title=\"Outsider 2\">\n            <time datetime=\"18 julija, 2020\">18 julija, 2020<\/time>\n            <div class=\"eael-timeline-post-image  attachment-large size-large\" style=\"background-image: url(https:\/\/mepikrsko.si\/outsider\/wp-content\/uploads\/2022\/12\/lepena-1024x815.jpg);\"><\/div><div class=\"eael-timeline-post-excerpt\"><p>2. Outsider je bil ob soto\u010dju Lepenjice in So\u010de, od kod smo imeli \u010dudovito izhodi\u0161\u010de do Krnskega jezera, kjer smo izvedli tudi tudi na Veliko Babo. Poleg mepi (DofE) odprav (srebrne 60km in zlate 80km) smo \u0161e \u0161portno plezali v Koritnici, kolesarili na Plaze, opravili vzpon na Ti\u010darico in Rombon.<\/p><\/div><div class=\"eael-timeline-post-title\">\n                    <h1 class=\"eael-timeline-post-title-text\">Outsider 2<\/h1>\n                <\/div><\/a>\n    <\/div>\n<\/article><article class=\"eael-timeline-post eael-timeline-column\">\n    <div class=\"eael-timeline-bullet\"><\/div>\n    <div class=\"eael-timeline-post-inner\">\n        <a class=\"eael-timeline-post-link\" href=\"https:\/\/mepikrsko.si\/outsider\/outsider-1\/\" title=\"OUTSIDER 1\">\n            <time datetime=\"4 novembra, 2019\">4 novembra, 2019<\/time>\n            <div class=\"eael-timeline-post-image  attachment-large size-large\" style=\"background-image: url(https:\/\/mepikrsko.si\/outsider\/wp-content\/uploads\/2022\/12\/nadiza-1024x1024.jpg);\"><\/div><div class=\"eael-timeline-post-excerpt\"><p>Prvi tabor Outsider ob Nadi\u017ei, kjer smo izvedli bronasto Mepi (DofE) odpravo in soteskanje, zraven pa \u0161e turi na Stol in Krn, orintacijo Breginj in orientacijo Magozd ter kolesarjenje z U\u010dje na Stol ter do slapu Kozjak.<\/p><\/div><div class=\"eael-timeline-post-title\">\n                    <h1 class=\"eael-timeline-post-title-text\">OUTSIDER 1<\/h1>\n                <\/div><\/a>\n    <\/div>\n<\/article><\/div>\n\t\t<\/div>            <div class=\"eael-load-more-button-wrap eael-force-hide\">\n                <button class=\"eael-load-more-button\" id=\"eael-load-more-btn-b385f49\" data-widget-id=\"b385f49\" data-widget=\"b385f49\" data-page-id=\"69\" data-template=\"{&quot;dir&quot;:&quot;lite&quot;,&quot;file_name&quot;:&quot;default.php&quot;,&quot;name&quot;:&quot;Post-Timeline&quot;}\" data-class=\"Essential_Addons_Elementor\\Elements\\Post_Timeline\" data-layout=\"\" data-page=\"1\" data-args=\"orderby=title&amp;order=desc&amp;ignore_sticky_posts=1&amp;post_status=publish&amp;posts_per_page=6&amp;offset=0&amp;post_type=page&amp;post__not_in%5B0%5D=461&amp;post__not_in%5B1%5D=431&amp;post__not_in%5B2%5D=307&amp;post__not_in%5B3%5D=69&amp;post__not_in%5B4%5D=8961\" data-max-page=\"2\">\n                    <span class=\"eael-btn-loader button__loader\"><\/span>\n                    <span class=\"eael_load_more_text\"><\/span>\n                <\/button>\n            <\/div>\n            \t\t\t\t<\/div>\n\t\t\t\t<\/div>\n\t\t\t\t\t<\/div>\n\t\t<\/div>\n\t\t\t\t\t<\/div>\n\t\t<\/section>\n\t\t\t\t<\/div>\n\t\t","protected":false},"excerpt":{"rendered":"<p>31 avgusta, 2023 6 OUTSIDER Velebit GALERIJA SLIK FILM 19 prijavljenih udele\u017eencev https:\/\/mepikrsko.si\/outsider\/wp-content\/uploads\/2024\/08\/DSCN3019.movhttps:\/\/mepikrsko.si\/outsider\/wp-content\/uploads\/2024\/08\/DSCN3035.mov Matej vodja tabora in planinski vodnik 2 Alenka Mepi voditeljica odprav in oskrba Matic Mepi mentor in vodnik skavtov Ga\u0161per pomo\u010d pri logistiki ADRIATICA+ Premi\u010dni tabor po celotni dol\u017eini Velebita Outsiderji 6 27.7. &#8211; 5.8. 2024 Izvedeno: 175km in ve\u010d&#8230; Outsider 6&hellip;&nbsp;<a href=\"https:\/\/mepikrsko.si\/outsider\/outsider-1\/\" class=\"\" rel=\"bookmark\">Preberi ve\u010d &raquo;<span class=\"screen-reader-text\">OUTSIDER 1<\/span><\/a><\/p>\n","protected":false},"author":1,"featured_media":0,"parent":0,"menu_order":0,"comment_status":"closed","ping_status":"closed","template":"","meta":{"neve_meta_sidebar":"full-width","neve_meta_container":"","neve_meta_enable_content_width":"on","neve_meta_content_width":100,"neve_meta_title_alignment":"","neve_meta_author_avatar":"","neve_post_elements_order":"","neve_meta_disable_header":"","neve_meta_disable_footer":"","neve_meta_disable_title":"on","footnotes":""},"class_list":["post-69","page","type-page","status-publish","hentry"],"jetpack_sharing_enabled":true,"_links":{"self":[{"href":"https:\/\/mepikrsko.si\/outsider\/wp-json\/wp\/v2\/pages\/69","targetHints":{"allow":["GET"]}}],"collection":[{"href":"https:\/\/mepikrsko.si\/outsider\/wp-json\/wp\/v2\/pages"}],"about":[{"href":"https:\/\/mepikrsko.si\/outsider\/wp-json\/wp\/v2\/types\/page"}],"author":[{"embeddable":true,"href":"https:\/\/mepikrsko.si\/outsider\/wp-json\/wp\/v2\/users\/1"}],"replies":[{"embeddable":true,"href":"https:\/\/mepikrsko.si\/outsider\/wp-json\/wp\/v2\/comments?post=69"}],"version-history":[{"count":57,"href":"https:\/\/mepikrsko.si\/outsider\/wp-json\/wp\/v2\/pages\/69\/revisions"}],"predecessor-version":[{"id":9091,"href":"https:\/\/mepikrsko.si\/outsider\/wp-json\/wp\/v2\/pages\/69\/revisions\/9091"}],"wp:attachment":[{"href":"https:\/\/mepikrsko.si\/outsider\/wp-json\/wp\/v2\/media?parent=69"}],"curies":[{"name":"wp","href":"https:\/\/api.w.org\/{rel}","templated":true}]}}