{"id":431,"date":"2021-09-18T02:55:35","date_gmt":"2021-09-18T02:55:35","guid":{"rendered":"https:\/\/mepikrsko.si\/outsider\/?page_id=431"},"modified":"2025-11-21T05:44:22","modified_gmt":"2025-11-21T05:44:22","slug":"home","status":"publish","type":"page","link":"https:\/\/mepikrsko.si\/outsider\/","title":{"rendered":"TABOR"},"content":{"rendered":"\t\t<div data-elementor-type=\"wp-page\" data-elementor-id=\"431\" class=\"elementor elementor-431\">\n\t\t\t\t\t\t<section class=\"elementor-section elementor-top-section elementor-element elementor-element-d86c248 elementor-section-height-min-height elementor-section-boxed elementor-section-height-default elementor-section-items-middle\" data-id=\"d86c248\" data-element_type=\"section\" data-e-type=\"section\" data-settings=\"{&quot;background_background&quot;:&quot;classic&quot;}\">\n\t\t\t\t\t\t\t<div class=\"elementor-background-overlay\"><\/div>\n\t\t\t\t\t\t\t<div class=\"elementor-container elementor-column-gap-extended\">\n\t\t\t\t\t<div class=\"elementor-column elementor-col-100 elementor-top-column elementor-element elementor-element-79646e2\" data-id=\"79646e2\" data-element_type=\"column\" data-e-type=\"column\">\n\t\t\t<div class=\"elementor-widget-wrap elementor-element-populated\">\n\t\t\t\t\t\t<div class=\"elementor-element elementor-element-2b90e91 elementor-widget elementor-widget-heading\" data-id=\"2b90e91\" data-element_type=\"widget\" data-e-type=\"widget\" data-widget_type=\"heading.default\">\n\t\t\t\t<div class=\"elementor-widget-container\">\n\t\t\t\t\t<h1 class=\"elementor-heading-title elementor-size-default\">Pustolov\u0161\u010dina za mlade<\/h1>\t\t\t\t<\/div>\n\t\t\t\t<\/div>\n\t\t\t\t<div class=\"elementor-element elementor-element-6328806 elementor-widget elementor-widget-text-editor\" data-id=\"6328806\" data-element_type=\"widget\" data-e-type=\"widget\" data-widget_type=\"text-editor.default\">\n\t\t\t\t<div class=\"elementor-widget-container\">\n\t\t\t\t\t\t\t\t\t<p style=\"text-align: center;\">Taborjenje na atraktivnih lokacijah z aktivnostmi na prostem: orientacijo, \u0161portnim plezanjem, gorskim kolesarjenjem in pohodni\u0161tvom ter s samostojno pripravo hrane.<\/p>\t\t\t\t\t\t\t\t<\/div>\n\t\t\t\t<\/div>\n\t\t\t\t<div class=\"elementor-element elementor-element-1a538ca elementor-align-center elementor-mobile-align-justify elementor-widget elementor-widget-button\" data-id=\"1a538ca\" data-element_type=\"widget\" data-e-type=\"widget\" data-widget_type=\"button.default\">\n\t\t\t\t<div class=\"elementor-widget-container\">\n\t\t\t\t\t\t\t\t\t<div class=\"elementor-button-wrapper\">\n\t\t\t\t\t<a class=\"elementor-button elementor-button-link elementor-size-lg\" href=\"#about\">\n\t\t\t\t\t\t<span class=\"elementor-button-content-wrapper\">\n\t\t\t\t\t\t\t\t\t<span class=\"elementor-button-text\">Ve\u010d o taboru<\/span>\n\t\t\t\t\t<\/span>\n\t\t\t\t\t<\/a>\n\t\t\t\t<\/div>\n\t\t\t\t\t\t\t\t<\/div>\n\t\t\t\t<\/div>\n\t\t\t\t\t<\/div>\n\t\t<\/div>\n\t\t\t\t\t<\/div>\n\t\t<\/section>\n\t\t\t\t<section class=\"elementor-section elementor-top-section elementor-element elementor-element-692c88c elementor-section-content-middle elementor-section-boxed elementor-section-height-default elementor-section-height-default\" data-id=\"692c88c\" data-element_type=\"section\" data-e-type=\"section\" data-settings=\"{&quot;background_background&quot;:&quot;classic&quot;}\">\n\t\t\t\t\t\t<div class=\"elementor-container elementor-column-gap-default\">\n\t\t\t\t\t<div class=\"elementor-column elementor-col-50 elementor-top-column elementor-element elementor-element-9f0a221\" data-id=\"9f0a221\" data-element_type=\"column\" data-e-type=\"column\">\n\t\t\t<div class=\"elementor-widget-wrap elementor-element-populated\">\n\t\t\t\t\t\t<div class=\"elementor-element elementor-element-6c32113 elementor-widget elementor-widget-image\" data-id=\"6c32113\" data-element_type=\"widget\" data-e-type=\"widget\" data-widget_type=\"image.default\">\n\t\t\t\t<div class=\"elementor-widget-container\">\n\t\t\t\t\t\t\t\t\t\t\t\t\t\t\t<img fetchpriority=\"high\" decoding=\"async\" width=\"548\" height=\"548\" src=\"https:\/\/mepikrsko.si\/outsider\/wp-content\/uploads\/2021\/09\/IMG_20210803_115136.jpg\" class=\"attachment-full size-full wp-image-343\" alt=\"\" srcset=\"https:\/\/mepikrsko.si\/outsider\/wp-content\/uploads\/2021\/09\/IMG_20210803_115136.jpg 548w, https:\/\/mepikrsko.si\/outsider\/wp-content\/uploads\/2021\/09\/IMG_20210803_115136-300x300.jpg 300w, https:\/\/mepikrsko.si\/outsider\/wp-content\/uploads\/2021\/09\/IMG_20210803_115136-150x150.jpg 150w\" sizes=\"(max-width: 548px) 100vw, 548px\" \/>\t\t\t\t\t\t\t\t\t\t\t\t\t\t\t<\/div>\n\t\t\t\t<\/div>\n\t\t\t\t\t<\/div>\n\t\t<\/div>\n\t\t\t\t<div class=\"elementor-column elementor-col-50 elementor-top-column elementor-element elementor-element-79f16f1\" data-id=\"79f16f1\" data-element_type=\"column\" data-e-type=\"column\">\n\t\t\t<div class=\"elementor-widget-wrap elementor-element-populated\">\n\t\t\t\t\t\t<div class=\"elementor-element elementor-element-3cc66a9 elementor-widget elementor-widget-menu-anchor\" data-id=\"3cc66a9\" data-element_type=\"widget\" data-e-type=\"widget\" data-widget_type=\"menu-anchor.default\">\n\t\t\t\t<div class=\"elementor-widget-container\">\n\t\t\t\t\t\t\t<div class=\"elementor-menu-anchor\" id=\"about\"><\/div>\n\t\t\t\t\t\t<\/div>\n\t\t\t\t<\/div>\n\t\t\t\t<div class=\"elementor-element elementor-element-f401cbc elementor-widget elementor-widget-heading\" data-id=\"f401cbc\" data-element_type=\"widget\" data-e-type=\"widget\" data-widget_type=\"heading.default\">\n\t\t\t\t<div class=\"elementor-widget-container\">\n\t\t\t\t\t<h2 class=\"elementor-heading-title elementor-size-default\">Kaj je Outsider?<\/h2>\t\t\t\t<\/div>\n\t\t\t\t<\/div>\n\t\t\t\t<div class=\"elementor-element elementor-element-031c851 elementor-widget elementor-widget-text-editor\" data-id=\"031c851\" data-element_type=\"widget\" data-e-type=\"widget\" data-widget_type=\"text-editor.default\">\n\t\t\t\t<div class=\"elementor-widget-container\">\n\t\t\t\t\t\t\t\t\t<p>Tabor<em> OUTSIDER je avanturisti\u010dno-\u0161portni tabor za mlade, v katerem udele\u017eenci kreativno pre\u017eivljajo poletne \u0161olske po\u010ditnice. Namenjen je&nbsp; mladim med okvirno 14. in 22. letom starosti, torej u\u010dencem vi\u0161jih razredov osnovnih \u0161ol, dijakom in mlaj\u0161im \u0161tudentom. Cilj je spoznati skrite koti\u010dke narave in pre\u017eiveti teden dni na prostem.&nbsp; Vsak, ki uspe prespati vsaj teden dni v \u0161otoru brez star\u0161ev, pa tudi postane OUTSIDER.<\/em><\/p>\t\t\t\t\t\t\t\t<\/div>\n\t\t\t\t<\/div>\n\t\t\t\t<div class=\"elementor-element elementor-element-1e2b58b elementor-position-top elementor-widget elementor-widget-image-box\" data-id=\"1e2b58b\" data-element_type=\"widget\" data-e-type=\"widget\" data-widget_type=\"image-box.default\">\n\t\t\t\t<div class=\"elementor-widget-container\">\n\t\t\t\t\t<div class=\"elementor-image-box-wrapper\"><figure class=\"elementor-image-box-img\"><img decoding=\"async\" width=\"721\" height=\"258\" src=\"https:\/\/mepikrsko.si\/outsider\/wp-content\/uploads\/2021\/09\/logo_mepi_slovenija.jpg\" class=\"attachment-full size-full wp-image-449\" alt=\"\" srcset=\"https:\/\/mepikrsko.si\/outsider\/wp-content\/uploads\/2021\/09\/logo_mepi_slovenija.jpg 721w, https:\/\/mepikrsko.si\/outsider\/wp-content\/uploads\/2021\/09\/logo_mepi_slovenija-300x107.jpg 300w\" sizes=\"(max-width: 721px) 100vw, 721px\" \/><\/figure><div class=\"elementor-image-box-content\"><h3 class=\"elementor-image-box-title\">V sodelovanju z MEPI Slovenija<\/h3><p class=\"elementor-image-box-description\">V tabor so vabljene tudi interesentne skupine in  posamezniki MEPI programa - mednarodnega priznanja za mlade, ki lahko v sklopu taborjenja opravljajo ve\u010ddnevne pustolovske odprave ali projekt nezneni prijatelj. <\/p><\/div><\/div>\t\t\t\t<\/div>\n\t\t\t\t<\/div>\n\t\t\t\t\t<\/div>\n\t\t<\/div>\n\t\t\t\t\t<\/div>\n\t\t<\/section>\n\t\t\t\t<section class=\"elementor-section elementor-top-section elementor-element elementor-element-1cbc196 elementor-section-boxed elementor-section-height-default elementor-section-height-default\" data-id=\"1cbc196\" data-element_type=\"section\" data-e-type=\"section\" data-settings=\"{&quot;background_background&quot;:&quot;classic&quot;}\">\n\t\t\t\t\t\t<div class=\"elementor-container elementor-column-gap-default\">\n\t\t\t\t\t<div class=\"elementor-column elementor-col-100 elementor-top-column elementor-element elementor-element-d074fa2\" data-id=\"d074fa2\" data-element_type=\"column\" data-e-type=\"column\">\n\t\t\t<div class=\"elementor-widget-wrap elementor-element-populated\">\n\t\t\t\t\t\t<div class=\"elementor-element elementor-element-5ad6b12 elementor-widget elementor-widget-heading\" data-id=\"5ad6b12\" data-element_type=\"widget\" data-e-type=\"widget\" data-widget_type=\"heading.default\">\n\t\t\t\t<div class=\"elementor-widget-container\">\n\t\t\t\t\t<h2 class=\"elementor-heading-title elementor-size-default\">Vabilo k udele\u017ebi<\/h2>\t\t\t\t<\/div>\n\t\t\t\t<\/div>\n\t\t\t\t<div class=\"elementor-element elementor-element-4299539 elementor-widget elementor-widget-text-editor\" data-id=\"4299539\" data-element_type=\"widget\" data-e-type=\"widget\" data-widget_type=\"text-editor.default\">\n\t\t\t\t<div class=\"elementor-widget-container\">\n\t\t\t\t\t\t\t\t\t<p>Ker je \u0161tevilo udele\u017eencev tabora\u00a0 omejeno, si s predprijavo zagotovite sodelovanje in brezpla\u010dno majico.\u00a0<\/p>\t\t\t\t\t\t\t\t<\/div>\n\t\t\t\t<\/div>\n\t\t\t\t<div class=\"elementor-element elementor-element-f7dacfd elementor-align-center elementor-mobile-align-justify elementor-widget elementor-widget-button\" data-id=\"f7dacfd\" data-element_type=\"widget\" data-e-type=\"widget\" data-widget_type=\"button.default\">\n\t\t\t\t<div class=\"elementor-widget-container\">\n\t\t\t\t\t\t\t\t\t<div class=\"elementor-button-wrapper\">\n\t\t\t\t\t<a class=\"elementor-button elementor-button-link elementor-size-lg\" href=\"https:\/\/mepikrsko.si\/outsider\/outsider-7\/#prijave\">\n\t\t\t\t\t\t<span class=\"elementor-button-content-wrapper\">\n\t\t\t\t\t\t\t\t\t<span class=\"elementor-button-text\">Prijava na tabor<\/span>\n\t\t\t\t\t<\/span>\n\t\t\t\t\t<\/a>\n\t\t\t\t<\/div>\n\t\t\t\t\t\t\t\t<\/div>\n\t\t\t\t<\/div>\n\t\t\t\t\t<\/div>\n\t\t<\/div>\n\t\t\t\t\t<\/div>\n\t\t<\/section>\n\t\t\t\t<section class=\"elementor-section elementor-top-section elementor-element elementor-element-e387a9b elementor-section-boxed elementor-section-height-default elementor-section-height-default\" data-id=\"e387a9b\" data-element_type=\"section\" data-e-type=\"section\" data-settings=\"{&quot;background_background&quot;:&quot;classic&quot;}\">\n\t\t\t\t\t\t\t<div class=\"elementor-background-overlay\"><\/div>\n\t\t\t\t\t\t\t<div class=\"elementor-container elementor-column-gap-default\">\n\t\t\t\t\t<div class=\"elementor-column elementor-col-100 elementor-top-column elementor-element elementor-element-c27a8c3\" data-id=\"c27a8c3\" data-element_type=\"column\" data-e-type=\"column\">\n\t\t\t<div class=\"elementor-widget-wrap elementor-element-populated\">\n\t\t\t\t\t\t<section class=\"elementor-section elementor-inner-section elementor-element elementor-element-0c77225 elementor-section-boxed elementor-section-height-default elementor-section-height-default\" data-id=\"0c77225\" data-element_type=\"section\" data-e-type=\"section\" data-settings=\"{&quot;background_background&quot;:&quot;classic&quot;}\">\n\t\t\t\t\t\t<div class=\"elementor-container elementor-column-gap-default\">\n\t\t\t\t\t<div class=\"elementor-column elementor-col-50 elementor-inner-column elementor-element elementor-element-74be997\" data-id=\"74be997\" data-element_type=\"column\" data-e-type=\"column\" data-settings=\"{&quot;background_background&quot;:&quot;classic&quot;}\">\n\t\t\t<div class=\"elementor-widget-wrap elementor-element-populated\">\n\t\t\t\t\t\t<div class=\"elementor-element elementor-element-35ba869 elementor-widget elementor-widget-heading\" data-id=\"35ba869\" data-element_type=\"widget\" data-e-type=\"widget\" data-widget_type=\"heading.default\">\n\t\t\t\t<div class=\"elementor-widget-container\">\n\t\t\t\t\t<h2 class=\"elementor-heading-title elementor-size-default\">Malo druga\u010dne po\u010ditnice<\/h2>\t\t\t\t<\/div>\n\t\t\t\t<\/div>\n\t\t\t\t\t<\/div>\n\t\t<\/div>\n\t\t\t\t<div class=\"elementor-column elementor-col-50 elementor-inner-column elementor-element elementor-element-d7d6ff1\" data-id=\"d7d6ff1\" data-element_type=\"column\" data-e-type=\"column\" data-settings=\"{&quot;background_background&quot;:&quot;classic&quot;}\">\n\t\t\t<div class=\"elementor-widget-wrap elementor-element-populated\">\n\t\t\t\t\t\t<div class=\"elementor-element elementor-element-528769d elementor-widget elementor-widget-text-editor\" data-id=\"528769d\" data-element_type=\"widget\" data-e-type=\"widget\" data-widget_type=\"text-editor.default\">\n\t\t\t\t<div class=\"elementor-widget-container\">\n\t\t\t\t\t\t\t\t\t<p><span style=\"color: var( --e-global-color-nvtextcolor ); font-family: var( --e-global-typography-text-font-family ), Sans-serif; font-weight: var( --e-global-typography-text-font-weight ); background-color: var( --e-global-color-nvsitebg ); font-size: var(--bodyFontSize); letter-spacing: var(--bodyLetterSpacing); text-transform: var(--bodyTextTransform);\">U\u010dimo in izvajamo vsebine, ki temeljijo na \u010dlovekovem pristnem in neposrednem stiku z naravo.\u00a0<\/span>Na na\u010delih gozdne pedagogike in principih \u0161ole Kurta Hahna vsak posameznik ob\u010duti pomen sebe in hkrati\u00a0\u00a0pomen skupine, s katero je vezan z delovno nalogo.\u00a0<\/p>\t\t\t\t\t\t\t\t<\/div>\n\t\t\t\t<\/div>\n\t\t\t\t\t<\/div>\n\t\t<\/div>\n\t\t\t\t\t<\/div>\n\t\t<\/section>\n\t\t\t\t\t<\/div>\n\t\t<\/div>\n\t\t\t\t\t<\/div>\n\t\t<\/section>\n\t\t\t\t<\/div>\n\t\t","protected":false},"excerpt":{"rendered":"<p>Pustolov\u0161\u010dina za mlade Taborjenje na atraktivnih lokacijah z aktivnostmi na prostem: orientacijo, \u0161portnim plezanjem, gorskim kolesarjenjem in pohodni\u0161tvom ter s samostojno pripravo hrane. Ve\u010d o taboru Kaj je Outsider? Tabor OUTSIDER je avanturisti\u010dno-\u0161portni tabor za mlade, v katerem udele\u017eenci kreativno pre\u017eivljajo poletne \u0161olske po\u010ditnice. Namenjen je&nbsp; mladim med okvirno 14. in 22. letom starosti, torej&hellip;&nbsp;<a href=\"https:\/\/mepikrsko.si\/outsider\/\" class=\"\" rel=\"bookmark\">Preberi ve\u010d &raquo;<span class=\"screen-reader-text\">TABOR<\/span><\/a><\/p>\n","protected":false},"author":1,"featured_media":0,"parent":0,"menu_order":0,"comment_status":"closed","ping_status":"closed","template":"page-templates\/template-pagebuilder-full-width.php","meta":{"neve_meta_sidebar":"","neve_meta_container":"","neve_meta_enable_content_width":"","neve_meta_content_width":0,"neve_meta_title_alignment":"","neve_meta_author_avatar":"","neve_post_elements_order":"","neve_meta_disable_header":"","neve_meta_disable_footer":"","neve_meta_disable_title":"","footnotes":""},"class_list":["post-431","page","type-page","status-publish","hentry"],"jetpack_sharing_enabled":true,"_links":{"self":[{"href":"https:\/\/mepikrsko.si\/outsider\/wp-json\/wp\/v2\/pages\/431","targetHints":{"allow":["GET"]}}],"collection":[{"href":"https:\/\/mepikrsko.si\/outsider\/wp-json\/wp\/v2\/pages"}],"about":[{"href":"https:\/\/mepikrsko.si\/outsider\/wp-json\/wp\/v2\/types\/page"}],"author":[{"embeddable":true,"href":"https:\/\/mepikrsko.si\/outsider\/wp-json\/wp\/v2\/users\/1"}],"replies":[{"embeddable":true,"href":"https:\/\/mepikrsko.si\/outsider\/wp-json\/wp\/v2\/comments?post=431"}],"version-history":[{"count":92,"href":"https:\/\/mepikrsko.si\/outsider\/wp-json\/wp\/v2\/pages\/431\/revisions"}],"predecessor-version":[{"id":9095,"href":"https:\/\/mepikrsko.si\/outsider\/wp-json\/wp\/v2\/pages\/431\/revisions\/9095"}],"wp:attachment":[{"href":"https:\/\/mepikrsko.si\/outsider\/wp-json\/wp\/v2\/media?parent=431"}],"curies":[{"name":"wp","href":"https:\/\/api.w.org\/{rel}","templated":true}]}}